{"id":2,"date":"2023-04-21T08:16:11","date_gmt":"2023-04-21T08:16:11","guid":{"rendered":"https:\/\/segerstadsbruk.se\/?page_id=2"},"modified":"2025-02-19T08:45:18","modified_gmt":"2025-02-19T08:45:18","slug":"sample-page","status":"publish","type":"page","link":"https:\/\/segerstadsbruk.se\/en\/","title":{"rendered":"Home"},"content":{"rendered":"<div class=\"gb-container gb-container-a5a772c7 alignfull\">\n<div class=\"gb-container gb-container-7ac179d5\">\n\n<h2 class=\"gb-headline gb-headline-6310ade3 gb-headline-text\">Corrugated cardboard for shop decor, food industry or wrapping paper.<\/h2>\n\n\n\n<h2 class=\"gb-headline gb-headline-82aec991 gb-headline-text\">We manufacture everything you could ever need in cardboard!<\/h2>\n\n<\/div>\n\n<div class=\"gb-container gb-container-0df0d51a\">\n<div class=\"gb-grid-wrapper gb-grid-wrapper-64df4045\">\n<div class=\"gb-grid-column gb-grid-column-a5f2361e\"><div class=\"gb-container gb-container-a5f2361e\">\n\n<figure class=\"gb-block-image gb-block-image-15832162\"><img loading=\"lazy\" decoding=\"async\" width=\"1024\" height=\"1024\" class=\"gb-image gb-image-15832162\" src=\"https:\/\/segerstadsbruk.se\/wp-content\/uploads\/2024\/03\/barbeque_free.png\" alt=\"Streamer \/ Sticky Streamer\" title=\"Streamer \/ Sticky Streamer\" srcset=\"https:\/\/segerstadsbruk.se\/wp-content\/uploads\/2024\/03\/barbeque_free.png 1024w, https:\/\/segerstadsbruk.se\/wp-content\/uploads\/2024\/03\/barbeque_free-300x300.png 300w, https:\/\/segerstadsbruk.se\/wp-content\/uploads\/2024\/03\/barbeque_free-150x150.png 150w, https:\/\/segerstadsbruk.se\/wp-content\/uploads\/2024\/03\/barbeque_free-768x768.png 768w, https:\/\/segerstadsbruk.se\/wp-content\/uploads\/2024\/03\/barbeque_free-12x12.png 12w\" sizes=\"auto, (max-width: 1024px) 100vw, 1024px\" \/><\/figure>\n\n\n\n<h2 class=\"gb-headline gb-headline-bdec1415 gb-headline-text\">Streamer\/Sticky Streamer<\/h2>\n\n\n\n<p class=\"gb-headline gb-headline-80455799 gb-headline-text\">The Streamer is essentially identical to pallet wrap in its application area, consisting of heavy paper, typically 150-200 g\/m\u00b2 colored or printed with advertising messages.<br>Sticky Streamer is a Streamer with printed messaging or coloring similar to other wraps but with the difference that it is made from recyclable self-adhesive plastic.<\/p>\n\n<\/div><\/div>\n\n<div class=\"gb-grid-column gb-grid-column-48747dcf\"><div class=\"gb-container gb-container-48747dcf\">\n\n<figure class=\"gb-block-image gb-block-image-e1e30e4d\"><img loading=\"lazy\" decoding=\"async\" width=\"1024\" height=\"987\" class=\"gb-image gb-image-e1e30e4d\" src=\"https:\/\/segerstadsbruk.se\/wp-content\/uploads\/2024\/02\/rullar_frilagd-1024x987.png\" alt=\"Dekorwell \/ pallsvep\" title=\"Corrugated Board for Decor\" srcset=\"https:\/\/segerstadsbruk.se\/wp-content\/uploads\/2024\/02\/rullar_frilagd-1024x987.png 1024w, https:\/\/segerstadsbruk.se\/wp-content\/uploads\/2024\/02\/rullar_frilagd-300x289.png 300w, https:\/\/segerstadsbruk.se\/wp-content\/uploads\/2024\/02\/rullar_frilagd-768x740.png 768w, https:\/\/segerstadsbruk.se\/wp-content\/uploads\/2024\/02\/rullar_frilagd.png 1144w\" sizes=\"auto, (max-width: 1024px) 100vw, 1024px\" \/><\/figure>\n\n\n\n<h2 class=\"gb-headline gb-headline-e719aa1c gb-headline-text\">Pallet wrap<\/h2>\n\n\n\n<p class=\"gb-headline gb-headline-de59123d gb-headline-text\">Pallet wrap is an easy-to-use decorative material for the creative mind. Highlight your company's color scheme or choose Pallet wrap in one of our standard colors.<br>Pallet wrap can be customized with any print, allowing you to showcase your logo or sales message. Perfect for point-of-sale displays and window presentations, or most commonly, around EUR-pallets!<\/p>\n\n<\/div><\/div>\n\n<div class=\"gb-grid-column gb-grid-column-278b7af5\"><div class=\"gb-container gb-container-278b7af5\">\n\n<figure class=\"gb-block-image gb-block-image-4f7d402d\"><img loading=\"lazy\" decoding=\"async\" width=\"873\" height=\"1024\" class=\"gb-image gb-image-4f7d402d\" src=\"https:\/\/segerstadsbruk.se\/wp-content\/uploads\/2024\/02\/pappersbalar_02-sm.png\" alt=\"Enkelwell\" title=\"Corrugated cardboard for packaging\" srcset=\"https:\/\/segerstadsbruk.se\/wp-content\/uploads\/2024\/02\/pappersbalar_02-sm.png 873w, https:\/\/segerstadsbruk.se\/wp-content\/uploads\/2024\/02\/pappersbalar_02-sm-256x300.png 256w, https:\/\/segerstadsbruk.se\/wp-content\/uploads\/2024\/02\/pappersbalar_02-sm-768x901.png 768w\" sizes=\"auto, (max-width: 873px) 100vw, 873px\" \/><\/figure>\n\n\n\n<h2 class=\"gb-headline gb-headline-dde2e8c8 gb-headline-text\">Corrugated cardboard for packaging<\/h2>\n\n\n\n<p class=\"gb-headline gb-headline-0ab02f29 gb-headline-text\">Corrugated cardboard is the perfect material for all packaging needs. The material is strong, easy to work with, and moldable, offering an unbeatable combination of economy and strength relative to weight.<\/p>\n\n<\/div><\/div>\n<\/div>\n\n<div class=\"gb-container gb-container-5b5ea79d\">\n\n<h2 class=\"gb-headline gb-headline-eddcb0fd gb-headline-text\"><a href=\"https:\/\/segerstadsbruk.se\/en\/produkter\/\" data-type=\"link\" data-id=\"https:\/\/segerstadsbruk.se\/produkter\/\">Discover Our Products<\/a><\/h2>\n\n<\/div>\n<\/div>\n<\/div>","protected":false},"excerpt":{"rendered":"<p>Wellpapp f\u00f6r butiksdekor, matindustri eller inslagspapper. Vi tillverkar allt i well du n\u00e5gonsin kan beh\u00f6va! Uppt\u00e4ck v\u00e5rt utbud<\/p>","protected":false},"author":1,"featured_media":0,"parent":0,"menu_order":0,"comment_status":"closed","ping_status":"open","template":"","meta":{"_acf_changed":false,"inline_featured_image":false,"_jet_sm_ready_style":"","_jet_sm_style":"","_jet_sm_controls_values":"","_jet_sm_fonts_collection":"","_jet_sm_fonts_links":"","footnotes":""},"class_list":["post-2","page","type-page","status-publish"],"acf":[],"_links":{"self":[{"href":"https:\/\/segerstadsbruk.se\/en\/wp-json\/wp\/v2\/pages\/2","targetHints":{"allow":["GET"]}}],"collection":[{"href":"https:\/\/segerstadsbruk.se\/en\/wp-json\/wp\/v2\/pages"}],"about":[{"href":"https:\/\/segerstadsbruk.se\/en\/wp-json\/wp\/v2\/types\/page"}],"author":[{"embeddable":true,"href":"https:\/\/segerstadsbruk.se\/en\/wp-json\/wp\/v2\/users\/1"}],"replies":[{"embeddable":true,"href":"https:\/\/segerstadsbruk.se\/en\/wp-json\/wp\/v2\/comments?post=2"}],"version-history":[{"count":1,"href":"https:\/\/segerstadsbruk.se\/en\/wp-json\/wp\/v2\/pages\/2\/revisions"}],"predecessor-version":[{"id":2097,"href":"https:\/\/segerstadsbruk.se\/en\/wp-json\/wp\/v2\/pages\/2\/revisions\/2097"}],"wp:attachment":[{"href":"https:\/\/segerstadsbruk.se\/en\/wp-json\/wp\/v2\/media?parent=2"}],"curies":[{"name":"wp","href":"https:\/\/api.w.org\/{rel}","templated":true}]}}